{"id":86,"date":"2026-03-11T15:18:58","date_gmt":"2026-03-11T15:18:58","guid":{"rendered":"https:\/\/letouvetpourdemain.fr\/?page_id=86"},"modified":"2026-03-11T15:21:19","modified_gmt":"2026-03-11T15:21:19","slug":"notre-equipe","status":"publish","type":"page","link":"https:\/\/letouvetpourdemain.fr\/index.php\/notre-equipe\/","title":{"rendered":"Notre \u00e9quipe"},"content":{"rendered":"\n<p>Ce qui fait la force de notre liste, c\u2019est sa diversit\u00e9.<\/p>\n\n\n\n<p>Des profils vari\u00e9s.<\/p>\n\n\n\n<p>Des comp\u00e9tences compl\u00e9mentaires.<\/p>\n\n\n\n<p>Des femmes et des hommes engag\u00e9s.&nbsp;<\/p>\n\n\n\n<p>Certains ont d\u00e9j\u00e0 exerc\u00e9 des responsabilit\u00e9s municipales.<\/p>\n\n\n\n<p>D\u2019autres travaillent dans la fonction publique territoriale.<\/p>\n\n\n\n<p>D\u2019autres encore sont entrepreneurs, commer\u00e7ants, agents techniques, responsables RH.<\/p>\n\n\n\n<p>Tous les quartiers du Touvet sont repr\u00e9sent\u00e9s et la moyenne d\u2019\u00e2ge des colistiers est de 47 ans.<\/p>\n\n\n\n<p>Mais au-del\u00e0 des parcours, ce qui nous rassemble, c\u2019est une m\u00eame conviction : servir le Touvet avec s\u00e9rieux, disponibilit\u00e9 et respect.<\/p>\n\n\n\n<p><img loading=\"lazy\" decoding=\"async\" height=\"16\" width=\"16\" src=\"https:\/\/static.xx.fbcdn.net\/images\/emoji.php\/v9\/tcd\/2\/16\/25aa.png\" alt=\"\u25aa\ufe0f\"><strong>John<\/strong>&nbsp;<strong>COURROUX<\/strong>, 39 ans, cadre de la fonction publique<\/p>\n\n\n\n<p><img loading=\"lazy\" decoding=\"async\" height=\"16\" width=\"16\" src=\"https:\/\/static.xx.fbcdn.net\/images\/emoji.php\/v9\/tcd\/2\/16\/25aa.png\" alt=\"\u25aa\ufe0f\"><strong>Carine BROCHIER<\/strong>, 51 ans, commerciale<\/p>\n\n\n\n<p><img loading=\"lazy\" decoding=\"async\" height=\"16\" width=\"16\" src=\"https:\/\/static.xx.fbcdn.net\/images\/emoji.php\/v9\/tcd\/2\/16\/25aa.png\" alt=\"\u25aa\ufe0f\"><strong>Daniel-Jean GIRARD<\/strong>, 60 ans, chef d\u2019entreprise&nbsp;<\/p>\n\n\n\n<p><img loading=\"lazy\" decoding=\"async\" height=\"16\" width=\"16\" src=\"https:\/\/static.xx.fbcdn.net\/images\/emoji.php\/v9\/tcd\/2\/16\/25aa.png\" alt=\"\u25aa\ufe0f\"><strong>Carole ROBERT<\/strong>, 36 ans, chef de bord<\/p>\n\n\n\n<p><img loading=\"lazy\" decoding=\"async\" height=\"16\" width=\"16\" src=\"https:\/\/static.xx.fbcdn.net\/images\/emoji.php\/v9\/tcd\/2\/16\/25aa.png\" alt=\"\u25aa\ufe0f\"><strong>Johan CASSET<\/strong>, 33 ans, boulanger<\/p>\n\n\n\n<p><img loading=\"lazy\" decoding=\"async\" height=\"16\" width=\"16\" src=\"https:\/\/static.xx.fbcdn.net\/images\/emoji.php\/v9\/tcd\/2\/16\/25aa.png\" alt=\"\u25aa\ufe0f\"><strong>Anne CHATAIN<\/strong>, 62 ans, agent technique territorial<\/p>\n\n\n\n<p><img loading=\"lazy\" decoding=\"async\" height=\"16\" width=\"16\" src=\"https:\/\/static.xx.fbcdn.net\/images\/emoji.php\/v9\/tcd\/2\/16\/25aa.png\" alt=\"\u25aa\ufe0f\"><strong>Vincent CHARPENTIER<\/strong>, 55 ans, ing\u00e9nieur<\/p>\n\n\n\n<p><img loading=\"lazy\" decoding=\"async\" height=\"16\" width=\"16\" src=\"https:\/\/static.xx.fbcdn.net\/images\/emoji.php\/v9\/tcd\/2\/16\/25aa.png\" alt=\"\u25aa\ufe0f\"><strong>Martine SCHERRER<\/strong>, 66 ans, retrait\u00e9e de la fonction publique<\/p>\n\n\n\n<p><img loading=\"lazy\" decoding=\"async\" height=\"16\" width=\"16\" src=\"https:\/\/static.xx.fbcdn.net\/images\/emoji.php\/v9\/tcd\/2\/16\/25aa.png\" alt=\"\u25aa\ufe0f\"><strong>Fr\u00e9d\u00e9ric ROSSET<\/strong>, 46 ans, agent autoroutier<\/p>\n\n\n\n<p><img loading=\"lazy\" decoding=\"async\" height=\"16\" width=\"16\" src=\"https:\/\/static.xx.fbcdn.net\/images\/emoji.php\/v9\/tcd\/2\/16\/25aa.png\" alt=\"\u25aa\ufe0f\"><strong>Aline FIARD<\/strong>, 53 ans, agent service hospitalier<\/p>\n\n\n\n<p><img loading=\"lazy\" decoding=\"async\" height=\"16\" width=\"16\" src=\"https:\/\/static.xx.fbcdn.net\/images\/emoji.php\/v9\/tcd\/2\/16\/25aa.png\" alt=\"\u25aa\ufe0f\"><strong>Sadry FRAYSSE<\/strong>, 48 ans, responsable maintenance urbaine<\/p>\n\n\n\n<p><img loading=\"lazy\" decoding=\"async\" height=\"16\" width=\"16\" src=\"https:\/\/static.xx.fbcdn.net\/images\/emoji.php\/v9\/tcd\/2\/16\/25aa.png\" alt=\"\u25aa\ufe0f\"><strong>L\u00e9a ROSSET<\/strong>, 22 ans, serveuse<\/p>\n\n\n\n<p><img loading=\"lazy\" decoding=\"async\" height=\"16\" width=\"16\" src=\"https:\/\/static.xx.fbcdn.net\/images\/emoji.php\/v9\/tcd\/2\/16\/25aa.png\" alt=\"\u25aa\ufe0f\"><strong>Yonni STEFANI<\/strong>, 45 ans, commer\u00e7ant<\/p>\n\n\n\n<p><img loading=\"lazy\" decoding=\"async\" height=\"16\" width=\"16\" src=\"https:\/\/static.xx.fbcdn.net\/images\/emoji.php\/v9\/tcd\/2\/16\/25aa.png\" alt=\"\u25aa\ufe0f\"><strong>Emilie MONTEL<\/strong>, 41 ans, commer\u00e7ante<\/p>\n\n\n\n<p><img loading=\"lazy\" decoding=\"async\" height=\"16\" width=\"16\" src=\"https:\/\/static.xx.fbcdn.net\/images\/emoji.php\/v9\/tcd\/2\/16\/25aa.png\" alt=\"\u25aa\ufe0f\"><strong>Patrick LE CAVELIER<\/strong>, 71 ans, officier troupe de montagne honoraire, vice-pr\u00e9sident association nationale anciens combattants<\/p>\n\n\n\n<p><img loading=\"lazy\" decoding=\"async\" height=\"16\" width=\"16\" src=\"https:\/\/static.xx.fbcdn.net\/images\/emoji.php\/v9\/tcd\/2\/16\/25aa.png\" alt=\"\u25aa\ufe0f\"><strong>Jos\u00e9phine TORELLI<\/strong>, 73 ans, assistante de direction retrait\u00e9e<\/p>\n\n\n\n<p><img loading=\"lazy\" decoding=\"async\" height=\"16\" width=\"16\" src=\"https:\/\/static.xx.fbcdn.net\/images\/emoji.php\/v9\/tcd\/2\/16\/25aa.png\" alt=\"\u25aa\ufe0f\"><strong>Rudolf DELMAS<\/strong>, 38 ans, entrepreneur<\/p>\n\n\n\n<p><img loading=\"lazy\" decoding=\"async\" height=\"16\" width=\"16\" src=\"https:\/\/static.xx.fbcdn.net\/images\/emoji.php\/v9\/tcd\/2\/16\/25aa.png\" alt=\"\u25aa\ufe0f\"><strong>Marie-France KROL<\/strong>, 67 ans, retrait\u00e9e de la fonction publique<\/p>\n\n\n\n<p><img loading=\"lazy\" decoding=\"async\" height=\"16\" width=\"16\" src=\"https:\/\/static.xx.fbcdn.net\/images\/emoji.php\/v9\/tcd\/2\/16\/25aa.png\" alt=\"\u25aa\ufe0f\"><strong>Jean-Pierre ZEHR<\/strong>, 53 ans, agent technique<\/p>\n\n\n\n<p><img loading=\"lazy\" decoding=\"async\" height=\"16\" width=\"16\" src=\"https:\/\/static.xx.fbcdn.net\/images\/emoji.php\/v9\/tcd\/2\/16\/25aa.png\" alt=\"\u25aa\ufe0f\"><strong>M\u00e9lanie TELLIER<\/strong>, 39 ans, directrice des ressources humaines<\/p>\n\n\n\n<p><img loading=\"lazy\" decoding=\"async\" height=\"16\" width=\"16\" src=\"https:\/\/static.xx.fbcdn.net\/images\/emoji.php\/v9\/tcd\/2\/16\/25aa.png\" alt=\"\u25aa\ufe0f\"><strong>Denis TISSOT<\/strong>, 61 ans, chef d\u2019entreprise<\/p>\n\n\n\n<p><img loading=\"lazy\" decoding=\"async\" height=\"16\" width=\"16\" src=\"https:\/\/static.xx.fbcdn.net\/images\/emoji.php\/v9\/tcd\/2\/16\/25aa.png\" alt=\"\u25aa\ufe0f\"><strong>Lorna DOS SANTOS DIAFERIA<\/strong>, 21 ans, assistante v\u00e9t\u00e9rinaire<\/p>\n\n\n\n<p><img loading=\"lazy\" decoding=\"async\" height=\"16\" width=\"16\" src=\"https:\/\/static.xx.fbcdn.net\/images\/emoji.php\/v9\/tcd\/2\/16\/25aa.png\" alt=\"\u25aa\ufe0f\"><strong>Micha\u00ebl BORGE<\/strong>S, 39 ans, artisan<\/p>\n","protected":false},"excerpt":{"rendered":"<p>Ce qui fait la force de notre liste, c\u2019est sa diversit\u00e9. Des profils vari\u00e9s. Des comp\u00e9tences compl\u00e9mentaires. Des femmes et des hommes [&hellip;]<\/p>\n","protected":false},"author":1,"featured_media":84,"parent":0,"menu_order":0,"comment_status":"closed","ping_status":"closed","template":"","meta":{"footnotes":""},"class_list":["post-86","page","type-page","status-publish","has-post-thumbnail","hentry"],"_links":{"self":[{"href":"https:\/\/letouvetpourdemain.fr\/index.php\/wp-json\/wp\/v2\/pages\/86","targetHints":{"allow":["GET"]}}],"collection":[{"href":"https:\/\/letouvetpourdemain.fr\/index.php\/wp-json\/wp\/v2\/pages"}],"about":[{"href":"https:\/\/letouvetpourdemain.fr\/index.php\/wp-json\/wp\/v2\/types\/page"}],"author":[{"embeddable":true,"href":"https:\/\/letouvetpourdemain.fr\/index.php\/wp-json\/wp\/v2\/users\/1"}],"replies":[{"embeddable":true,"href":"https:\/\/letouvetpourdemain.fr\/index.php\/wp-json\/wp\/v2\/comments?post=86"}],"version-history":[{"count":2,"href":"https:\/\/letouvetpourdemain.fr\/index.php\/wp-json\/wp\/v2\/pages\/86\/revisions"}],"predecessor-version":[{"id":89,"href":"https:\/\/letouvetpourdemain.fr\/index.php\/wp-json\/wp\/v2\/pages\/86\/revisions\/89"}],"wp:featuredmedia":[{"embeddable":true,"href":"https:\/\/letouvetpourdemain.fr\/index.php\/wp-json\/wp\/v2\/media\/84"}],"wp:attachment":[{"href":"https:\/\/letouvetpourdemain.fr\/index.php\/wp-json\/wp\/v2\/media?parent=86"}],"curies":[{"name":"wp","href":"https:\/\/api.w.org\/{rel}","templated":true}]}}